{"id":57,"date":"2015-03-18T19:19:53","date_gmt":"2015-03-18T19:19:53","guid":{"rendered":"http:\/\/globalekonomi.se\/?page_id=57"},"modified":"2015-03-18T19:20:33","modified_gmt":"2015-03-18T19:20:33","slug":"kontakt","status":"publish","type":"page","link":"https:\/\/globalekonomi.se\/?page_id=57","title":{"rendered":"Kontakt"},"content":{"rendered":"<p>Har du n\u00e5gra fr\u00e5gor eller funderingar? Skicka g\u00e4rna ett mail till claes.berg@globalekonomi.se <\/p>\n","protected":false},"excerpt":{"rendered":"<p>Har du n\u00e5gra fr\u00e5gor eller funderingar? Skicka g\u00e4rna ett mail till claes.berg@globalekonomi.se<\/p>\n","protected":false},"author":1,"featured_media":0,"parent":2,"menu_order":0,"comment_status":"closed","ping_status":"closed","template":"full-width-page.php","meta":[],"_links":{"self":[{"href":"https:\/\/globalekonomi.se\/index.php?rest_route=\/wp\/v2\/pages\/57"}],"collection":[{"href":"https:\/\/globalekonomi.se\/index.php?rest_route=\/wp\/v2\/pages"}],"about":[{"href":"https:\/\/globalekonomi.se\/index.php?rest_route=\/wp\/v2\/types\/page"}],"author":[{"embeddable":true,"href":"https:\/\/globalekonomi.se\/index.php?rest_route=\/wp\/v2\/users\/1"}],"replies":[{"embeddable":true,"href":"https:\/\/globalekonomi.se\/index.php?rest_route=%2Fwp%2Fv2%2Fcomments&post=57"}],"version-history":[{"count":1,"href":"https:\/\/globalekonomi.se\/index.php?rest_route=\/wp\/v2\/pages\/57\/revisions"}],"predecessor-version":[{"id":58,"href":"https:\/\/globalekonomi.se\/index.php?rest_route=\/wp\/v2\/pages\/57\/revisions\/58"}],"up":[{"embeddable":true,"href":"https:\/\/globalekonomi.se\/index.php?rest_route=\/wp\/v2\/pages\/2"}],"wp:attachment":[{"href":"https:\/\/globalekonomi.se\/index.php?rest_route=%2Fwp%2Fv2%2Fmedia&parent=57"}],"curies":[{"name":"wp","href":"https:\/\/api.w.org\/{rel}","templated":true}]}}