{"id":48,"date":"2015-01-25T20:33:20","date_gmt":"2015-01-25T20:33:20","guid":{"rendered":"http:\/\/globalekonomi.se\/?page_id=48"},"modified":"2015-01-25T20:34:00","modified_gmt":"2015-01-25T20:34:00","slug":"48-2","status":"publish","type":"page","link":"https:\/\/globalekonomi.se\/?page_id=48","title":{"rendered":"Sverige"},"content":{"rendered":"<p>Boken inneh\u00e5ller ocks\u00e5 mycket information om den svenska ekonomin.<\/p>\n<ul>\n<li>Hur har arbetsl\u00f6sheten och l\u00e5ngtidsarbetsl\u00f6sheten utvecklats under finanskrisen?<\/li>\n<li>Varf\u00f6r \u00e4r kvinnornas syssels\u00e4ttningsgrad h\u00f6gre i Sverige \u00e4n i m\u00e5nga andra l\u00e4nder?<\/li>\n<li>Hur har genusl\u00f6nekvoten f\u00f6r\u00e4ndrats det senaste decenniet?<\/li>\n<li>Varf\u00f6r \u00e4r statens fiskala och legala kapacitet h\u00f6g i Sverige?<\/li>\n<li>Varf\u00f6r \u00e4r v\u00e4lf\u00e4rdsstaten mer omfattande i Sverige \u00e4n i USA?<\/li>\n<li>Hur fungerar regelverken f\u00f6r finans- och penningpolitik?<\/li>\n<li>Hur hanteras bankkriser?<\/li>\n<li>Varf\u00f6r intresserar sig andra l\u00e4nder f\u00f6r svenska erfarenheter n\u00e4r det g\u00e4ller skatt p\u00e5 finansiella transaktioner, nya regelverk f\u00f6r offentliga finanser och finanskrishantering?<\/li>\n<li>Vilka \u00e4r effekterna av \u00e4ndrade skatter och transfereringar under senare \u00e5r?<\/li>\n<li>Vilka \u00e4r effekterna av r\u00f6rlig v\u00e4xelkurs och inflationsm\u00e5l sedan 1993?<\/li>\n<li>Varf\u00f6r \u00f6kade riksbankens balansr\u00e4kning under finanskrisen?<\/li>\n<li>Varf\u00f6r har den svenska bytesbalansen visat \u00f6verskott sedan 1994?<\/li>\n<li>Hur har den ekonomiska tillv\u00e4xten och produktiviteten utvecklats i ett internationellt perspektiv?<\/li>\n<li>Varf\u00f6r \u00e4r oj\u00e4mlikheten l\u00e4gre \u00e4n i m\u00e5nga andra l\u00e4nder? Varf\u00f6r har den \u00f6kat under senare \u00e5r?<\/li>\n<li>Hur p\u00e5verkas Sverige av globaliseringen?<\/li>\n<\/ul>\n","protected":false},"excerpt":{"rendered":"<p>Boken inneh\u00e5ller ocks\u00e5 mycket information om den svenska ekonomin. Hur har arbetsl\u00f6sheten och l\u00e5ngtidsarbetsl\u00f6sheten utvecklats under finanskrisen? Varf\u00f6r \u00e4r kvinnornas syssels\u00e4ttningsgrad h\u00f6gre i Sverige \u00e4n i m\u00e5nga andra l\u00e4nder? Hur har genusl\u00f6nekvoten f\u00f6r\u00e4ndrats det senaste decenniet? Varf\u00f6r \u00e4r statens fiskala<span class=\"ellipsis\">&hellip;<\/span><\/p>\n<div class=\"read-more\"><a href=\"https:\/\/globalekonomi.se\/?page_id=48\">Read more &#8250;<\/a><\/div>\n<p><!-- end of .read-more --><\/p>\n","protected":false},"author":1,"featured_media":0,"parent":14,"menu_order":8,"comment_status":"closed","ping_status":"closed","template":"full-width-page.php","meta":[],"_links":{"self":[{"href":"https:\/\/globalekonomi.se\/index.php?rest_route=\/wp\/v2\/pages\/48"}],"collection":[{"href":"https:\/\/globalekonomi.se\/index.php?rest_route=\/wp\/v2\/pages"}],"about":[{"href":"https:\/\/globalekonomi.se\/index.php?rest_route=\/wp\/v2\/types\/page"}],"author":[{"embeddable":true,"href":"https:\/\/globalekonomi.se\/index.php?rest_route=\/wp\/v2\/users\/1"}],"replies":[{"embeddable":true,"href":"https:\/\/globalekonomi.se\/index.php?rest_route=%2Fwp%2Fv2%2Fcomments&post=48"}],"version-history":[{"count":3,"href":"https:\/\/globalekonomi.se\/index.php?rest_route=\/wp\/v2\/pages\/48\/revisions"}],"predecessor-version":[{"id":51,"href":"https:\/\/globalekonomi.se\/index.php?rest_route=\/wp\/v2\/pages\/48\/revisions\/51"}],"up":[{"embeddable":true,"href":"https:\/\/globalekonomi.se\/index.php?rest_route=\/wp\/v2\/pages\/14"}],"wp:attachment":[{"href":"https:\/\/globalekonomi.se\/index.php?rest_route=%2Fwp%2Fv2%2Fmedia&parent=48"}],"curies":[{"name":"wp","href":"https:\/\/api.w.org\/{rel}","templated":true}]}}