{"id":21,"date":"2015-01-25T15:50:22","date_gmt":"2015-01-25T15:50:22","guid":{"rendered":"http:\/\/globalekonomi.se\/?page_id=21"},"modified":"2016-04-01T15:40:32","modified_gmt":"2016-04-01T15:40:32","slug":"till-larare-och-forelasare","status":"publish","type":"page","link":"https:\/\/globalekonomi.se\/?page_id=21","title":{"rendered":"Figurer och tabeller f\u00f6r nedladdning"},"content":{"rendered":"<p>F\u00f6r de l\u00e4rare och f\u00f6rel\u00e4sare som anv\u00e4nder boken finns figurer och tabeller f\u00f6r nedladdning h\u00e4r under. Har du n\u00e5gra fr\u00e5gor eller synpunkter p\u00e5 bokens inneh\u00e5ll skicka g\u00e4rna ett mail till:\u00a0claes.berg@globalekonomi.se<\/p>\n<p>Ladda ned figurer\u00a0h\u00e4r:<\/p>\n<p><a href=\"http:\/\/globalekonomi.se\/wp-content\/uploads\/2015\/01\/Kapitel-1.pdf\">Kapitel 1<\/a><\/p>\n<p><a href=\"http:\/\/globalekonomi.se\/wp-content\/uploads\/2015\/01\/Kapitel-2.pdf\">Kapitel 2<\/a><\/p>\n<p><a href=\"http:\/\/globalekonomi.se\/wp-content\/uploads\/2015\/01\/Kapitel-3.pdf\">Kapitel 3<\/a><\/p>\n<p><a href=\"http:\/\/globalekonomi.se\/wp-content\/uploads\/2015\/01\/Kapitel-4.pdf\">Kapitel 4<\/a><\/p>\n<p><a href=\"http:\/\/globalekonomi.se\/wp-content\/uploads\/2015\/01\/Kapitel-5.pdf\">Kapitel 5<\/a><\/p>\n<p><a href=\"http:\/\/globalekonomi.se\/wp-content\/uploads\/2015\/01\/Kapitel-6.pdf\">Kapitel 6<\/a><\/p>\n<p><a href=\"http:\/\/globalekonomi.se\/wp-content\/uploads\/2015\/01\/Kapitel-7.pdf\">Kapitel 7<\/a><\/p>\n<p><a href=\"http:\/\/globalekonomi.se\/wp-content\/uploads\/2015\/01\/Kapitel-8.pdf\">Kapitel 8<\/a><\/p>\n<p><a href=\"http:\/\/globalekonomi.se\/wp-content\/uploads\/2015\/01\/Kapitel-9.pdf\">Kapitel 9<\/a><\/p>\n<p><a href=\"http:\/\/globalekonomi.se\/wp-content\/uploads\/2015\/01\/Kapitel-10.pdf\">Kapitel 10<\/a><\/p>\n<p><a href=\"http:\/\/globalekonomi.se\/wp-content\/uploads\/2015\/01\/Kapitel-11.pdf\">Kapitel 11<\/a><\/p>\n<p><a href=\"http:\/\/globalekonomi.se\/wp-content\/uploads\/2015\/01\/Kapitel-12.pdf\">Kapitel 12<\/a><\/p>\n<p><a href=\"http:\/\/globalekonomi.se\/wp-content\/uploads\/2015\/01\/Kapitel-13.pdf\">Kapitel 13<\/a><\/p>\n<p><a href=\"http:\/\/globalekonomi.se\/wp-content\/uploads\/2015\/01\/Kapitel-14.pdf\">Kapitel 14<\/a><\/p>\n<p><a href=\"http:\/\/globalekonomi.se\/wp-content\/uploads\/2015\/01\/Kapitel-15.pdf\">Kapitel 15<\/a><\/p>\n<p><a href=\"http:\/\/globalekonomi.se\/wp-content\/uploads\/2015\/01\/Kapitel-16.pdf\">Kapitel 16<\/a><\/p>\n<p><a href=\"http:\/\/globalekonomi.se\/wp-content\/uploads\/2015\/01\/Kapitel-17.pdf\">Kapitel 17<\/a><\/p>\n<p><a href=\"http:\/\/globalekonomi.se\/wp-content\/uploads\/2015\/01\/Kapitel-18.pdf\">Kapitel 18<\/a><\/p>\n<p><a href=\"http:\/\/globalekonomi.se\/wp-content\/uploads\/2015\/01\/Kapitel-19.pdf\">Kapitel 19<\/a><\/p>\n<p><a href=\"http:\/\/globalekonomi.se\/wp-content\/uploads\/2015\/01\/Kapitel-20.pdf\">Kapitel 20<\/a><\/p>\n<p><a href=\"http:\/\/globalekonomi.se\/wp-content\/uploads\/2015\/01\/Kapitel-21.pdf\">Kapitel 21<\/a><\/p>\n<p><a href=\"http:\/\/globalekonomi.se\/wp-content\/uploads\/2015\/01\/Kapitel-22.pdf\">Kapitel 22<\/a><\/p>\n<p><a href=\"http:\/\/globalekonomi.se\/wp-content\/uploads\/2015\/01\/Kapitel-23.pdf\">Kapitel 23<\/a><\/p>\n<p><a href=\"http:\/\/globalekonomi.se\/wp-content\/uploads\/2015\/01\/Kapitel-24.pdf\">Kapitel 24<\/a><\/p>\n<p>Ladda ned tabeller h\u00e4r:<\/p>\n<p><a href=\"http:\/\/globalekonomi.se\/wp-content\/uploads\/2015\/01\/Alla-tabeller.pdf\">Alla tabeller<\/a><\/p>\n","protected":false},"excerpt":{"rendered":"<p>F\u00f6r de l\u00e4rare och f\u00f6rel\u00e4sare som anv\u00e4nder boken finns figurer och tabeller f\u00f6r nedladdning h\u00e4r under. Har du n\u00e5gra fr\u00e5gor eller synpunkter p\u00e5 bokens inneh\u00e5ll skicka g\u00e4rna ett mail till:\u00a0claes.berg@globalekonomi.se Ladda ned figurer\u00a0h\u00e4r: Kapitel 1 Kapitel 2 Kapitel 3 Kapitel<span class=\"ellipsis\">&hellip;<\/span><\/p>\n<div class=\"read-more\"><a href=\"https:\/\/globalekonomi.se\/?page_id=21\">Read more &#8250;<\/a><\/div>\n<p><!-- end of .read-more --><\/p>\n","protected":false},"author":1,"featured_media":0,"parent":14,"menu_order":10,"comment_status":"closed","ping_status":"closed","template":"full-width-page.php","meta":[],"_links":{"self":[{"href":"https:\/\/globalekonomi.se\/index.php?rest_route=\/wp\/v2\/pages\/21"}],"collection":[{"href":"https:\/\/globalekonomi.se\/index.php?rest_route=\/wp\/v2\/pages"}],"about":[{"href":"https:\/\/globalekonomi.se\/index.php?rest_route=\/wp\/v2\/types\/page"}],"author":[{"embeddable":true,"href":"https:\/\/globalekonomi.se\/index.php?rest_route=\/wp\/v2\/users\/1"}],"replies":[{"embeddable":true,"href":"https:\/\/globalekonomi.se\/index.php?rest_route=%2Fwp%2Fv2%2Fcomments&post=21"}],"version-history":[{"count":6,"href":"https:\/\/globalekonomi.se\/index.php?rest_route=\/wp\/v2\/pages\/21\/revisions"}],"predecessor-version":[{"id":97,"href":"https:\/\/globalekonomi.se\/index.php?rest_route=\/wp\/v2\/pages\/21\/revisions\/97"}],"up":[{"embeddable":true,"href":"https:\/\/globalekonomi.se\/index.php?rest_route=\/wp\/v2\/pages\/14"}],"wp:attachment":[{"href":"https:\/\/globalekonomi.se\/index.php?rest_route=%2Fwp%2Fv2%2Fmedia&parent=21"}],"curies":[{"name":"wp","href":"https:\/\/api.w.org\/{rel}","templated":true}]}}