{"id":16,"date":"2015-01-25T15:38:09","date_gmt":"2015-01-25T15:38:09","guid":{"rendered":"http:\/\/globalekonomi.se\/?page_id=16"},"modified":"2015-01-25T16:29:00","modified_gmt":"2015-01-25T16:29:00","slug":"recensioner","status":"publish","type":"page","link":"https:\/\/globalekonomi.se\/?page_id=16","title":{"rendered":"Recensioner"},"content":{"rendered":"<p>&#8220;Det blir allt viktigare att f\u00e5 en bra \u00f6verblick och insikt i den globala ekonomin och v\u00e5r plats i den. I denna gedigna och mycket pedagogiskt v\u00e4lgjorda l\u00e4robok ges, genomg\u00e5ende med bas i i nationalekonomisk och viss statsvetenskaplig forskning, i tjugofem substansfulla kapitel ett mycket brett och s\u00e4kert helhetsperspektiv p\u00e5 den moderna samh\u00e4llsekonomin. De alltmer avg\u00f6rande interntionella aspekterna (&#8220;globaliseringen&#8221;) beaktas genomg\u00e5ende. &#8230;Boken riktar sig till h\u00f6gskolan, f\u00f6retagsv\u00e4rlden, ber\u00f6rda politiker och handl\u00e4ggare, ekonomijournalister m. fl. V\u00e4sentliga uppdateringar pga den snabba internationella utvecklingen har gjorts, varf\u00f6r den gamla upplagan b\u00f6r utbytas. M\u00e5nga v\u00e4lvalda diagram och tabeller st\u00f6der texten och viktiga centralgestalter i ekonomin portr\u00e4tteras. Avslutningsvis finns anv\u00e4ndbart index, ordf\u00f6rklaring, instuderingsfr\u00e5gor, l\u00e4stips, noter mm.&#8221;<br \/>\n<strong>Anders Weidung, <a href=\"http:\/\/www.btj.se\/\" target=\"_blank\">BTJ<\/a><\/strong><\/p>\n<p>&#8220;F\u00f6r en grundl\u00e4ggande ekonomikurs med inriktning p\u00e5 globala sammanhang m\u00e5ste Global\u00a0ekonomi ha goda framtidsutsikter. Speciellt uppskattar jag det ymniga dataanv\u00e4ndandet i\u00a0figurer och tabeller. Klas Eklund f\u00e5r se upp&#8230;&#8221;<br \/>\n<strong>Lars P\u00e5lsson-Syll, professor i samh\u00e4llskunskap och f\u00f6rfattare till <a href=\"http:\/\/www.bokrecension.se\/9144048904\" target=\"_blank\">De ekonomiska teoriernas historia, Studentlitteratur, 2007<\/a><\/strong><\/p>\n<p>&#8220;Jag h\u00e5ller med om att d\u00e4r finns pluralism inom nationalekonomin, men jag vet inte\u00a0riktigt hur det som skett p\u00e5 forskningsfronten sipprat ner i l\u00e4rob\u00f6ckerna. Global ekonomi av\u00a0Claes Berg (SNS F\u00f6rlag, 2008) \u00e4r ett mycket positivt bidrag!&#8221;<br \/>\n<strong>Martin Kragh, Ek. dr, Handelsh\u00f6gskolan i Stockholm, p\u00e5 debattbloggen <a href=\"http:\/\/ekonomistas.se\/\" target=\"_blank\">Ekonomistas<\/a><\/strong><\/p>\n<p>\u201dGlobal ekonomi ger mycket kunskap och insikt om de krafter som styr ekonomin b\u00e5de nationellt och internationellt. Den \u00e4r modern, pedagogisk och forskningsn\u00e4ra.&#8221;<br \/>\n<strong>Harry Flam, <a href=\"http:\/\/people.su.se\/~flam\/\" target=\"_blank\">professor i internationell ekonomi<\/a><\/strong><\/p>\n","protected":false},"excerpt":{"rendered":"<p>&#8220;Det blir allt viktigare att f\u00e5 en bra \u00f6verblick och insikt i den globala ekonomin och v\u00e5r plats i den. I denna gedigna och mycket pedagogiskt v\u00e4lgjorda l\u00e4robok ges, genomg\u00e5ende med bas i i nationalekonomisk och viss statsvetenskaplig forskning, i<span class=\"ellipsis\">&hellip;<\/span><\/p>\n<div class=\"read-more\"><a href=\"https:\/\/globalekonomi.se\/?page_id=16\">Read more &#8250;<\/a><\/div>\n<p><!-- end of .read-more --><\/p>\n","protected":false},"author":1,"featured_media":0,"parent":14,"menu_order":12,"comment_status":"closed","ping_status":"closed","template":"full-width-page.php","meta":[],"_links":{"self":[{"href":"https:\/\/globalekonomi.se\/index.php?rest_route=\/wp\/v2\/pages\/16"}],"collection":[{"href":"https:\/\/globalekonomi.se\/index.php?rest_route=\/wp\/v2\/pages"}],"about":[{"href":"https:\/\/globalekonomi.se\/index.php?rest_route=\/wp\/v2\/types\/page"}],"author":[{"embeddable":true,"href":"https:\/\/globalekonomi.se\/index.php?rest_route=\/wp\/v2\/users\/1"}],"replies":[{"embeddable":true,"href":"https:\/\/globalekonomi.se\/index.php?rest_route=%2Fwp%2Fv2%2Fcomments&post=16"}],"version-history":[{"count":3,"href":"https:\/\/globalekonomi.se\/index.php?rest_route=\/wp\/v2\/pages\/16\/revisions"}],"predecessor-version":[{"id":19,"href":"https:\/\/globalekonomi.se\/index.php?rest_route=\/wp\/v2\/pages\/16\/revisions\/19"}],"up":[{"embeddable":true,"href":"https:\/\/globalekonomi.se\/index.php?rest_route=\/wp\/v2\/pages\/14"}],"wp:attachment":[{"href":"https:\/\/globalekonomi.se\/index.php?rest_route=%2Fwp%2Fv2%2Fmedia&parent=16"}],"curies":[{"name":"wp","href":"https:\/\/api.w.org\/{rel}","templated":true}]}}