{"id":14,"date":"2015-01-22T22:51:03","date_gmt":"2015-01-22T22:51:03","guid":{"rendered":"http:\/\/globalekonomi.se\/?page_id=14"},"modified":"2016-04-24T15:23:05","modified_gmt":"2016-04-24T15:23:05","slug":"om-boken","status":"publish","type":"page","link":"https:\/\/globalekonomi.se\/?page_id=14","title":{"rendered":"F\u00f6r l\u00e4rare och f\u00f6rel\u00e4sare"},"content":{"rendered":"<p>Global ekonomi baseras p\u00e5 erfarenheter fr\u00e5n m\u00e5nga l\u00e4nder och fr\u00e5n det globala ekonomiska systemet. Den andra upplagan av Global ekonomi \u00e4r kraftigt omarbetad och uppdaterad. De senaste forskningsr\u00f6nen i nationalekonomi beskrivs h\u00e4r p\u00e5 ett begripligt s\u00e4tt. En stark empirisk och historisk f\u00f6rankring \u00f6kar f\u00f6rst\u00e5elsen av hur teorier kan anv\u00e4ndas f\u00f6r att f\u00f6rklara verkligheten: Varf\u00f6r finns skillnader i levnadsstandard mellan l\u00e4nder? Hur uppst\u00e5r ekonomiska kriser? Riskerar jordens resurser att ta slut n\u00e4r inkomsterna stiger globalt?<\/p>\n<p>Till detta kommer att ekonomisk-politiska slutsatser genomg\u00e5ende spelar en viktig roll f\u00f6r analys av \u00e5tg\u00e4rder mot bland annat arbetsl\u00f6shet, inflation, finanskriser, milj\u00f6f\u00f6rst\u00f6ring och genusgap. I andra upplagan analyseras konsekvenserna av finanskrisen som b\u00f6rjade i USA, spreds till m\u00e5nga l\u00e4nder och sedan utvecklades till en skuldkris i Europa.\u00a0Till detta kommer nya forskningsr\u00f6n om hur v\u00e4l stat och marknad kompletterar varandra n\u00e4r l\u00e4nder utvecklas och om sambandet mellan konflikter, svaga stater och ekonomisk tillbakag\u00e5ng. BRIC-l\u00e4ndernas (Brasilien, Ryssland, Indien och Kina) roll i v\u00e4rldsekonomin har \u00f6kat snabbt under det senaste decenniet, vilket ocks\u00e5 beaktas mer utf\u00f6rligt i denna upplaga.<\/p>\n<p>Boken ger ett betydligt bredare perspektiv \u00e4n traditionella l\u00e4rob\u00f6cker i nationalekonomi. Den \u00e4r skriven utan anv\u00e4ndning av komplicerade matematiska formler f\u00f6r att underl\u00e4tta f\u00f6rst\u00e5elsen av ekonomisk vetenskap hos samh\u00e4llsintresserade medborgare.<\/p>\n","protected":false},"excerpt":{"rendered":"<p>Global ekonomi baseras p\u00e5 erfarenheter fr\u00e5n m\u00e5nga l\u00e4nder och fr\u00e5n det globala ekonomiska systemet. Den andra upplagan av Global ekonomi \u00e4r kraftigt omarbetad och uppdaterad. De senaste forskningsr\u00f6nen i nationalekonomi beskrivs h\u00e4r p\u00e5 ett begripligt s\u00e4tt. En stark empirisk och<span class=\"ellipsis\">&hellip;<\/span><\/p>\n<div class=\"read-more\"><a href=\"https:\/\/globalekonomi.se\/?page_id=14\">Read more &#8250;<\/a><\/div>\n<p><!-- end of .read-more --><\/p>\n","protected":false},"author":1,"featured_media":0,"parent":0,"menu_order":0,"comment_status":"closed","ping_status":"closed","template":"full-width-page.php","meta":[],"_links":{"self":[{"href":"https:\/\/globalekonomi.se\/index.php?rest_route=\/wp\/v2\/pages\/14"}],"collection":[{"href":"https:\/\/globalekonomi.se\/index.php?rest_route=\/wp\/v2\/pages"}],"about":[{"href":"https:\/\/globalekonomi.se\/index.php?rest_route=\/wp\/v2\/types\/page"}],"author":[{"embeddable":true,"href":"https:\/\/globalekonomi.se\/index.php?rest_route=\/wp\/v2\/users\/1"}],"replies":[{"embeddable":true,"href":"https:\/\/globalekonomi.se\/index.php?rest_route=%2Fwp%2Fv2%2Fcomments&post=14"}],"version-history":[{"count":5,"href":"https:\/\/globalekonomi.se\/index.php?rest_route=\/wp\/v2\/pages\/14\/revisions"}],"predecessor-version":[{"id":115,"href":"https:\/\/globalekonomi.se\/index.php?rest_route=\/wp\/v2\/pages\/14\/revisions\/115"}],"wp:attachment":[{"href":"https:\/\/globalekonomi.se\/index.php?rest_route=%2Fwp%2Fv2%2Fmedia&parent=14"}],"curies":[{"name":"wp","href":"https:\/\/api.w.org\/{rel}","templated":true}]}}