{"id":112,"date":"2016-04-24T14:50:13","date_gmt":"2016-04-24T14:50:13","guid":{"rendered":"http:\/\/globalekonomi.se\/?page_id=112"},"modified":"2016-04-24T15:22:07","modified_gmt":"2016-04-24T15:22:07","slug":"innehall","status":"publish","type":"page","link":"https:\/\/globalekonomi.se\/?page_id=112","title":{"rendered":"Inneh\u00e5ll"},"content":{"rendered":"<p>H\u00e4r kan du ladda ned en detaljerad inneh\u00e5llsf\u00f6rteckning:<\/p>\n<p><a href=\"http:\/\/globalekonomi.se\/wp-content\/uploads\/2016\/04\/Inneh\u00e5ll.pdf\">Inneh\u00e5ll<\/a><\/p>\n","protected":false},"excerpt":{"rendered":"<p>H\u00e4r kan du ladda ned en detaljerad inneh\u00e5llsf\u00f6rteckning: Inneh\u00e5ll<\/p>\n","protected":false},"author":1,"featured_media":0,"parent":0,"menu_order":0,"comment_status":"closed","ping_status":"closed","template":"full-width-page.php","meta":[],"_links":{"self":[{"href":"https:\/\/globalekonomi.se\/index.php?rest_route=\/wp\/v2\/pages\/112"}],"collection":[{"href":"https:\/\/globalekonomi.se\/index.php?rest_route=\/wp\/v2\/pages"}],"about":[{"href":"https:\/\/globalekonomi.se\/index.php?rest_route=\/wp\/v2\/types\/page"}],"author":[{"embeddable":true,"href":"https:\/\/globalekonomi.se\/index.php?rest_route=\/wp\/v2\/users\/1"}],"replies":[{"embeddable":true,"href":"https:\/\/globalekonomi.se\/index.php?rest_route=%2Fwp%2Fv2%2Fcomments&post=112"}],"version-history":[{"count":1,"href":"https:\/\/globalekonomi.se\/index.php?rest_route=\/wp\/v2\/pages\/112\/revisions"}],"predecessor-version":[{"id":114,"href":"https:\/\/globalekonomi.se\/index.php?rest_route=\/wp\/v2\/pages\/112\/revisions\/114"}],"wp:attachment":[{"href":"https:\/\/globalekonomi.se\/index.php?rest_route=%2Fwp%2Fv2%2Fmedia&parent=112"}],"curies":[{"name":"wp","href":"https:\/\/api.w.org\/{rel}","templated":true}]}}