{"id":108,"date":"2016-04-18T20:09:43","date_gmt":"2016-04-18T20:09:43","guid":{"rendered":"http:\/\/globalekonomi.se\/?page_id=108"},"modified":"2016-04-24T15:02:12","modified_gmt":"2016-04-24T15:02:12","slug":"statens-kapacitet-och-den-politiska-sfaren","status":"publish","type":"page","link":"https:\/\/globalekonomi.se\/?page_id=108","title":{"rendered":"Statens kapacitet och den politiska sf\u00e4ren"},"content":{"rendered":"<p>Ekonomerna har under senare \u00e5r intresserat sig alltmer f\u00f6r de politiska dimensioner som p\u00e5verkar utveckling och resursf\u00f6rdelning.\u00a0Tanken \u00e4r att marknaden och staten kompletterar varandra p\u00e5 ett bra s\u00e4tt i l\u00e4nder som utvecklas och p\u00e5 ett d\u00e5ligt s\u00e4tt i l\u00e4nder som f\u00f6rblir fat\u00adtiga.\u00a0I detta kapitel studeras de senaste forskningsr\u00f6nen n\u00e4r det g\u00e4ller statens kapacitet och n\u00e5gra indikatorer p\u00e5 utveckling. Dessutom analyseras hur olika slags politiska system p\u00e5ver\u00adkar den offentliga sektorns omfattning. H\u00e4r finns kapitlet f\u00f6r nedladdning:<\/p>\n<p><a href=\"http:\/\/globalekonomi.se\/wp-content\/uploads\/2016\/04\/Kapitel-6.pdf\">Kapitel 6<\/a><\/p>\n","protected":false},"excerpt":{"rendered":"<p>Ekonomerna har under senare \u00e5r intresserat sig alltmer f\u00f6r de politiska dimensioner som p\u00e5verkar utveckling och resursf\u00f6rdelning.\u00a0Tanken \u00e4r att marknaden och staten kompletterar varandra p\u00e5 ett bra s\u00e4tt i l\u00e4nder som utvecklas och p\u00e5 ett d\u00e5ligt s\u00e4tt i l\u00e4nder som<span class=\"ellipsis\">&hellip;<\/span><\/p>\n<div class=\"read-more\"><a href=\"https:\/\/globalekonomi.se\/?page_id=108\">Read more &#8250;<\/a><\/div>\n<p><!-- end of .read-more --><\/p>\n","protected":false},"author":1,"featured_media":0,"parent":0,"menu_order":0,"comment_status":"closed","ping_status":"closed","template":"full-width-page.php","meta":[],"_links":{"self":[{"href":"https:\/\/globalekonomi.se\/index.php?rest_route=\/wp\/v2\/pages\/108"}],"collection":[{"href":"https:\/\/globalekonomi.se\/index.php?rest_route=\/wp\/v2\/pages"}],"about":[{"href":"https:\/\/globalekonomi.se\/index.php?rest_route=\/wp\/v2\/types\/page"}],"author":[{"embeddable":true,"href":"https:\/\/globalekonomi.se\/index.php?rest_route=\/wp\/v2\/users\/1"}],"replies":[{"embeddable":true,"href":"https:\/\/globalekonomi.se\/index.php?rest_route=%2Fwp%2Fv2%2Fcomments&post=108"}],"version-history":[{"count":1,"href":"https:\/\/globalekonomi.se\/index.php?rest_route=\/wp\/v2\/pages\/108\/revisions"}],"predecessor-version":[{"id":110,"href":"https:\/\/globalekonomi.se\/index.php?rest_route=\/wp\/v2\/pages\/108\/revisions\/110"}],"wp:attachment":[{"href":"https:\/\/globalekonomi.se\/index.php?rest_route=%2Fwp%2Fv2%2Fmedia&parent=108"}],"curies":[{"name":"wp","href":"https:\/\/api.w.org\/{rel}","templated":true}]}}