{"id":101,"date":"2016-04-02T08:00:22","date_gmt":"2016-04-02T08:00:22","guid":{"rendered":"http:\/\/globalekonomi.se\/?page_id=101"},"modified":"2016-04-24T17:16:50","modified_gmt":"2016-04-24T17:16:50","slug":"den-generella-makromodellen","status":"publish","type":"page","link":"https:\/\/globalekonomi.se\/?page_id=101","title":{"rendered":"Den generella makromodellen"},"content":{"rendered":"<p>H\u00e4r finns ett kapitel om makroekonomi f\u00f6r nedladdning:\u00a0<a href=\"http:\/\/globalekonomi.se\/wp-content\/uploads\/2016\/04\/Kapitel-13.pdf\">Kapitel 13<\/a><\/p>\n<p>I detta kapitel analyseras vad som best\u00e4mmer det totala resursutnyttjandet och inflationen i en modell, som \u00e4r mer realistisk \u00e4n i m\u00e5nga andra l\u00e4rob\u00f6cker.<br \/>\nDet \u00e4r en makromodell f\u00f6r en \u00f6ppen ekonomi, som best\u00e5r av tre komponenter. Den f\u00f6rsta komponenten \u00e4r centralbankens pen\u00adningpolitik. Den andra komponenten \u00e4r den totala efterfr\u00e5gan p\u00e5 varor och tj\u00e4nster i ekonomin. Den tredje komponenten \u00e4r det totala utbudet av varor och tj\u00e4nster. Modellen anv\u00e4nds f\u00f6r att illustrera n\u00e5gra praktiska exempel p\u00e5 poli\u00adcyanalys i olika l\u00e4nder.\u00a0Slutligen visas hur makromodellen kan anv\u00e4ndas f\u00f6r att analysera den globala finanskrisen.<\/p>\n","protected":false},"excerpt":{"rendered":"<p>H\u00e4r finns ett kapitel om makroekonomi f\u00f6r nedladdning:\u00a0Kapitel 13 I detta kapitel analyseras vad som best\u00e4mmer det totala resursutnyttjandet och inflationen i en modell, som \u00e4r mer realistisk \u00e4n i m\u00e5nga andra l\u00e4rob\u00f6cker. Det \u00e4r en makromodell f\u00f6r en \u00f6ppen<span class=\"ellipsis\">&hellip;<\/span><\/p>\n<div class=\"read-more\"><a href=\"https:\/\/globalekonomi.se\/?page_id=101\">Read more &#8250;<\/a><\/div>\n<p><!-- end of .read-more --><\/p>\n","protected":false},"author":1,"featured_media":0,"parent":0,"menu_order":0,"comment_status":"closed","ping_status":"closed","template":"full-width-page.php","meta":[],"_links":{"self":[{"href":"https:\/\/globalekonomi.se\/index.php?rest_route=\/wp\/v2\/pages\/101"}],"collection":[{"href":"https:\/\/globalekonomi.se\/index.php?rest_route=\/wp\/v2\/pages"}],"about":[{"href":"https:\/\/globalekonomi.se\/index.php?rest_route=\/wp\/v2\/types\/page"}],"author":[{"embeddable":true,"href":"https:\/\/globalekonomi.se\/index.php?rest_route=\/wp\/v2\/users\/1"}],"replies":[{"embeddable":true,"href":"https:\/\/globalekonomi.se\/index.php?rest_route=%2Fwp%2Fv2%2Fcomments&post=101"}],"version-history":[{"count":3,"href":"https:\/\/globalekonomi.se\/index.php?rest_route=\/wp\/v2\/pages\/101\/revisions"}],"predecessor-version":[{"id":116,"href":"https:\/\/globalekonomi.se\/index.php?rest_route=\/wp\/v2\/pages\/101\/revisions\/116"}],"wp:attachment":[{"href":"https:\/\/globalekonomi.se\/index.php?rest_route=%2Fwp%2Fv2%2Fmedia&parent=101"}],"curies":[{"name":"wp","href":"https:\/\/api.w.org\/{rel}","templated":true}]}}